{"id":30,"date":"2015-04-21T21:40:34","date_gmt":"2015-04-21T20:40:34","guid":{"rendered":"https:\/\/www.cofamic.uqam.ca\/?page_id=30"},"modified":"2015-12-21T21:55:31","modified_gmt":"2015-12-21T20:55:31","slug":"contacts","status":"publish","type":"page","link":"https:\/\/www.cofamic.uqam.ca\/?page_id=30","title":{"rendered":"Contacts"},"content":{"rendered":"<p>[:en]<b>Scientific Director : <\/b><a href=\"mailto:izquierdo.ricardo@uqam.ca\">Ricardo Izquierdo<\/a><br \/>\nPhone : 514 987 3000, post 3307<br \/>\nFax : 514 987 8477<\/p>\n<p><b>Assistant Director : <\/b><a href=\"mailto:nabki.frederic@uqam.ca\">Frederic Nabki<\/a><br \/>\nPhone : 514 987 3000, post 2476<br \/>\nFax : 514 987 8477<\/p>\n<p><b>Postal Adress : <\/b><br \/>\nCentre de Recherche CoFaMic<br \/>\nD\u00e9partement d&rsquo;Informatique<br \/>\nUniversit\u00e9 du Qu\u00e9bec \u00e0 Montr\u00e9al<br \/>\nCase postale 8888, Succ. Centre-ville<br \/>\nMontr\u00e9al (Qu\u00e9bec), Canada H3C 3P8<\/p>\n<p><b>Civil \/ Shipping Adress : <\/b><br \/>\nCentre de Recherche CoFaMic<br \/>\nD\u00e9partement d&rsquo;Informatique<br \/>\nUniversit\u00e9 du Qu\u00e9bec \u00e0 Montr\u00e9al<br \/>\n201, av. Pr\u00e9sident-Kennedy, local PK-4150<br \/>\nMontr\u00e9al (Qu\u00e9bec) H2X 3Y7[:fr]<b>Directeur Scientifique : <\/b><a href=\"mailto:izquierdo.ricardo@uqam.ca\">Ricardo Izquierdo<\/a><br \/>\nT\u00e9l\u00e9phone : 514 987 3000, poste 3307<br \/>\nT\u00e9l\u00e9copieur : 514 987 8477<\/p>\n<p><b>Directeur Adjoint : <\/b><a href=\"mailto:nabki.frederic@uqam.ca\">Frederic Nabki<\/a><br \/>\nT\u00e9l\u00e9phone : 514 987 3000, poste 2476<br \/>\nT\u00e9l\u00e9copieur : 514 987 8477<\/p>\n<p><b>Adresse Postale : <\/b><br \/>\nCentre de Recherche CoFaMic<br \/>\nD\u00e9partement d&rsquo;Informatique<br \/>\nUniversit\u00e9 du Qu\u00e9bec \u00e0 Montr\u00e9al<br \/>\nCase postale 8888, Succ. Centre-ville<br \/>\nMontr\u00e9al (Qu\u00e9bec), Canada H3C 3P8<\/p>\n<p><b>Adresse Civile \/ d&rsquo;Exp\u00e9dition : <\/b><br \/>\nCentre de Recherche CoFaMic<br \/>\nD\u00e9partement d&rsquo;Informatique<br \/>\nUniversit\u00e9 du Qu\u00e9bec \u00e0 Montr\u00e9al<br \/>\n201, av. Pr\u00e9sident-Kennedy, local PK-4150<br \/>\nMontr\u00e9al (Qu\u00e9bec) H2X 3Y7[:]<\/p>\n","protected":false},"excerpt":{"rendered":"<p>[:en]Scientific Director : Ricardo Izquierdo Phone : 514 987 3000, post 3307 Fax : 514 987 8477 Assistant Director : Frederic Nabki Phone : 514 987 3000, post 2476 Fax : 514 987 8477 Postal Adress : Centre de Recherche&#8230;<br \/><a class=\"read-more-button\" href=\"https:\/\/www.cofamic.uqam.ca\/?page_id=30\">Savoir plus<\/a><\/p>\n","protected":false},"author":1,"featured_media":0,"parent":0,"menu_order":0,"comment_status":"open","ping_status":"open","template":"","meta":{"footnotes":""},"class_list":["post-30","page","type-page","status-publish","hentry"],"_links":{"self":[{"href":"https:\/\/www.cofamic.uqam.ca\/index.php?rest_route=\/wp\/v2\/pages\/30"}],"collection":[{"href":"https:\/\/www.cofamic.uqam.ca\/index.php?rest_route=\/wp\/v2\/pages"}],"about":[{"href":"https:\/\/www.cofamic.uqam.ca\/index.php?rest_route=\/wp\/v2\/types\/page"}],"author":[{"embeddable":true,"href":"https:\/\/www.cofamic.uqam.ca\/index.php?rest_route=\/wp\/v2\/users\/1"}],"replies":[{"embeddable":true,"href":"https:\/\/www.cofamic.uqam.ca\/index.php?rest_route=%2Fwp%2Fv2%2Fcomments&post=30"}],"version-history":[{"count":7,"href":"https:\/\/www.cofamic.uqam.ca\/index.php?rest_route=\/wp\/v2\/pages\/30\/revisions"}],"predecessor-version":[{"id":702,"href":"https:\/\/www.cofamic.uqam.ca\/index.php?rest_route=\/wp\/v2\/pages\/30\/revisions\/702"}],"wp:attachment":[{"href":"https:\/\/www.cofamic.uqam.ca\/index.php?rest_route=%2Fwp%2Fv2%2Fmedia&parent=30"}],"curies":[{"name":"wp","href":"https:\/\/api.w.org\/{rel}","templated":true}]}}