{"id":34,"date":"2015-04-21T22:18:13","date_gmt":"2015-04-21T21:18:13","guid":{"rendered":"https:\/\/www.cofamic.uqam.ca\/?page_id=34"},"modified":"2015-09-14T22:18:26","modified_gmt":"2015-09-14T21:18:26","slug":"actualites","status":"publish","type":"page","link":"https:\/\/www.cofamic.uqam.ca\/","title":{"rendered":"Actualit\u00e9s"},"content":{"rendered":"<p>[:en]<div class='content-column full_width'><p><a href=\"https:\/\/www.cofamic.uqam.ca\/wp-content\/uploads\/2015\/04\/65.jpg\"><img loading=\"lazy\" decoding=\"async\" class=\" size-full wp-image-660 alignleft\" src=\"https:\/\/www.cofamic.uqam.ca\/wp-content\/uploads\/2015\/04\/65.jpg\" alt=\"65\" width=\"269\" height=\"178\" \/><\/a><\/p>\n<p class=\"title_news\"><strong>Participation du Pr. Ricardo Izquierdo \u00e0 l&rsquo;\u00e9mission Le code Chastenay<\/strong><\/p>\n<p>Le professeur Ricardo Izquierdo, membre des centres de recherche NanoQAM et CoFaMIC, participera au magazine scientifique Le code Chastenay qui sera diffus\u00e9 le mardi le 15 septembre 2015 \u00e0 19h sur les ondes de T\u00e9l\u00e9-Qu\u00e9bec.\u00a0<a href=\"https:\/\/www.cofamic.uqam.ca\/?p=664\">Lire la suite \u00bb<\/a><\/p>\n<p style=\"text-align: justify;\"><\/div><\/p>\n<p style=\"text-align: justify;\"><div class='content-column full_width'><p style=\"text-align: justify;\"><\/div><\/p>\n<p style=\"text-align: justify;\"><ul class=\"lcp_catlist2\" id=\"lcp_instance_0\"><li><a href=\"https:\/\/www.cofamic.uqam.ca\/?p=687\">CoFaMic Seminar \u2013 11\/11\/2015<\/a><a href=\"https:\/\/www.cofamic.uqam.ca\/?p=687\" title=\"CoFaMic Seminar \u2013 11\/11\/2015\"><img loading=\"lazy\" decoding=\"async\" width=\"150\" height=\"150\" src=\"https:\/\/www.cofamic.uqam.ca\/wp-content\/uploads\/2015\/11\/amine-miled-min-150x150.jpg\" class=\"lcp_thumbnail wp-post-image\" alt=\"CoFaMic Seminar \u2013 11\/11\/2015\" \/><\/a><div class=\"lcp_excerpt\">\nL\u2019int\u00e9gration de la microfluidique modulaire et la micro\u00e9lectronique \/\u00e9lectronique pour les bio-applications\nAmine Miled\nProfesseur adjoint, Universit\u00e9 Laval\nD\u00e9partement de g\u00e9nie \u00e9lectrique et g\u00e9nie informatique\nLaboratoire de recherche ne ...<\/div><\/li><li><a href=\"https:\/\/www.cofamic.uqam.ca\/?p=664\">Participation du Pr. Ricardo Izquierdo \u00e0 l&rsquo;\u00e9mission Le code Chastenay<\/a><a href=\"https:\/\/www.cofamic.uqam.ca\/?p=664\" title=\"Participation du Pr. Ricardo Izquierdo \u00e0 l&#039;\u00e9mission Le code Chastenay\"><img loading=\"lazy\" decoding=\"async\" width=\"150\" height=\"150\" src=\"https:\/\/www.cofamic.uqam.ca\/wp-content\/uploads\/2015\/06\/ricard_izquierdo-150x150.jpg\" class=\"lcp_thumbnail wp-post-image\" alt=\"Participation du Pr. Ricardo Izquierdo \u00e0 l&#039;\u00e9mission Le code Chastenay\" srcset=\"https:\/\/www.cofamic.uqam.ca\/wp-content\/uploads\/2015\/06\/ricard_izquierdo-150x150.jpg 150w, https:\/\/www.cofamic.uqam.ca\/wp-content\/uploads\/2015\/06\/ricard_izquierdo.jpg 173w\" sizes=\"(max-width: 150px) 100vw, 150px\" \/><\/a><div class=\"lcp_excerpt\">Le professeur Ricardo Izquierdo, membre des centres de recherche NanoQAM et CoFaMIC, participera au magazine scientifique Le code Chastenay qui sera diffus\u00e9 le mardi le ...<\/div><\/li><li><a href=\"https:\/\/www.cofamic.uqam.ca\/?p=480\">Un cours de photonique sur silicium o\u00f9 les \u00e9tudiants ont vu leurs conceptions \u00eatre fabriqu\u00e9s.<\/a><a href=\"https:\/\/www.cofamic.uqam.ca\/?p=480\" title=\"Un cours de photonique sur silicium o\u00f9 les \u00e9tudiants ont vu leurs conceptions \u00eatre fabriqu\u00e9s.\"><img loading=\"lazy\" decoding=\"async\" width=\"150\" height=\"150\" src=\"https:\/\/www.cofamic.uqam.ca\/wp-content\/uploads\/2015\/07\/menard-150x150.png\" class=\"lcp_thumbnail wp-post-image\" alt=\"Un cours de photonique sur silicium o\u00f9 les \u00e9tudiants ont vu leurs conceptions \u00eatre fabriqu\u00e9s.\" \/><\/a><div class=\"lcp_excerpt\">Durant le cours de photonique sur silicium du programme de g\u00e9nie micro\u00e9lectronique de l\u2019UQAM, qui a \u00e9t\u00e9 donn\u00e9 au semestre d\u2019hiver 2015 par le professeur ...<\/div><\/li><li><a href=\"https:\/\/www.cofamic.uqam.ca\/?p=462\">[:en]CoFaMic Seminar &#8211; 18\/06\/2015[:fr]S\u00e9minaire CoFaMic &#8211; 18\/06\/2015[:]<\/a><a href=\"https:\/\/www.cofamic.uqam.ca\/?p=462\" title=\"[:en]CoFaMic Seminar - 18\/06\/2015[:fr]S\u00e9minaire CoFaMic - 18\/06\/2015[:]\"><img loading=\"lazy\" decoding=\"async\" width=\"150\" height=\"150\" src=\"https:\/\/www.cofamic.uqam.ca\/wp-content\/uploads\/2015\/06\/hafliger-150x150.png\" class=\"lcp_thumbnail wp-post-image\" alt=\"[:en]CoFaMic Seminar - 18\/06\/2015[:fr]S\u00e9minaire CoFaMic - 18\/06\/2015[:]\" \/><\/a><div class=\"lcp_excerpt\">\nMicroelectronics for the Body and for Space: The Nanoelectronics Group at the University of Oslo\u201d\nSpeaker: Philipp H\u00e4fliger, Department of Informatics at the University of Oslo\nDate ...<\/div><\/li><li><a href=\"https:\/\/www.cofamic.uqam.ca\/?p=455\">D\u00e9velopper les nanotechnologies<\/a><a href=\"https:\/\/www.cofamic.uqam.ca\/?p=455\" title=\"D\u00e9velopper les nanotechnologies\"><img loading=\"lazy\" decoding=\"async\" width=\"150\" height=\"150\" src=\"https:\/\/www.cofamic.uqam.ca\/wp-content\/uploads\/2015\/06\/ricard_izquierdo-150x150.jpg\" class=\"lcp_thumbnail wp-post-image\" alt=\"D\u00e9velopper les nanotechnologies\" srcset=\"https:\/\/www.cofamic.uqam.ca\/wp-content\/uploads\/2015\/06\/ricard_izquierdo-150x150.jpg 150w, https:\/\/www.cofamic.uqam.ca\/wp-content\/uploads\/2015\/06\/ricard_izquierdo.jpg 173w\" sizes=\"(max-width: 150px) 100vw, 150px\" \/><\/a><div class=\"lcp_excerpt\">\nLe professeur Ricardo Izquierdo, du D\u00e9partement d&rsquo;informatique, re\u00e7oit pr\u00e8s de quatre millions de dollars pour des infrastructures de recherche.\nUn projet de recherche du professeur Ricardo ...<\/div><\/li><li><a href=\"https:\/\/www.cofamic.uqam.ca\/?p=378\">[:en]Publication du groupe de recherche de Pr. Mohamed Siaj dans Nano Letters[:fr]Publication du groupe de recherche de Pr. Mohamed Siaj dans Nano  Letters[:]<\/a><a href=\"https:\/\/www.cofamic.uqam.ca\/?p=378\" title=\"[:en]Publication du groupe de recherche de Pr. Mohamed Siaj dans Nano Letters[:fr]Publication du groupe de recherche de Pr. Mohamed Siaj dans Nano  Letters[:]\"><img loading=\"lazy\" decoding=\"async\" width=\"150\" height=\"150\" src=\"https:\/\/www.cofamic.uqam.ca\/wp-content\/uploads\/2015\/04\/nano-150x150.png\" class=\"lcp_thumbnail wp-post-image\" alt=\"[:en]Publication du groupe de recherche de Pr. Mohamed Siaj dans Nano Letters[:fr]Publication du groupe de recherche de Pr. Mohamed Siaj dans Nano  Letters[:]\" \/><\/a><div class=\"lcp_excerpt\">\u00ab\u00a0Space-Charge Limited Transport in Large-Area Monolayer Hexagonal Boron Nitride\u00a0\u00bb\nHexagonal boron nitride (hBN) is a wide-gap material that has attracted significant attention as an ideal dielectric ...<\/div><\/li><li><a href=\"https:\/\/www.cofamic.uqam.ca\/?p=256\">Projet de collaboration entre l&rsquo;UQAM, Aeponyx, le CRSNG et Aligo Innovation<\/a><a href=\"https:\/\/www.cofamic.uqam.ca\/?p=256\" title=\"Projet de collaboration entre l&#039;UQAM, Aeponyx, le CRSNG et Aligo Innovation\"><img loading=\"lazy\" decoding=\"async\" width=\"150\" height=\"150\" src=\"https:\/\/www.cofamic.uqam.ca\/wp-content\/uploads\/2015\/04\/news_001-150x150.jpg\" class=\"lcp_thumbnail wp-post-image\" alt=\"Projet de collaboration entre l&#039;UQAM, Aeponyx, le CRSNG et Aligo Innovation\" \/><\/a><div class=\"lcp_excerpt\">\nLe 9 mars 2015 \u2013 Les professeurs Micha\u00ebl M\u00e9nard et Fr\u00e9d\u00e9ric Nabki du D\u00e9partement d\u2019informatique de la Facult\u00e9 des sciences de l\u2019Universit\u00e9 du Qu\u00e9bec \u00e0 ...<\/div><\/li><li><a href=\"https:\/\/www.cofamic.uqam.ca\/?p=287\">Taher Jalloul remport le prix la conf\u00e9rence IEEE Digital Avionics System Conference<\/a><a href=\"https:\/\/www.cofamic.uqam.ca\/?p=287\" title=\"Taher Jalloul remport le prix la conf\u00e9rence IEEE Digital Avionics System Conference\"><img loading=\"lazy\" decoding=\"async\" width=\"150\" height=\"150\" src=\"https:\/\/www.cofamic.uqam.ca\/wp-content\/uploads\/2015\/04\/59-150x150.jpg\" class=\"lcp_thumbnail wp-post-image\" alt=\"Taher Jalloul remport le prix la conf\u00e9rence IEEE Digital Avionics System Conference\" \/><\/a><div class=\"lcp_excerpt\">F\u00e9licitation \u00e0 Taher Jalloul qui, sous la direction du Pr Wessam Ajib, ont remport\u00e9 le prix du meilleur article dans la conf\u00e9rence prestigieuse IEEE Digital ...<\/div><\/li><li><a href=\"https:\/\/www.cofamic.uqam.ca\/?p=361\">[:en]Professor Ricardo Izquierdo to issue \u201cLe Code Chastenay\u201d[:]<\/a><a href=\"https:\/\/www.cofamic.uqam.ca\/?p=361\" title=\"[:en]Professor Ricardo Izquierdo to issue \u201cLe Code Chastenay\u201d[:]\"><img loading=\"lazy\" decoding=\"async\" width=\"51\" height=\"51\" src=\"https:\/\/www.cofamic.uqam.ca\/wp-content\/uploads\/2015\/04\/ric.jpg\" class=\"lcp_thumbnail wp-post-image\" alt=\"[:en]Professor Ricardo Izquierdo to issue \u201cLe Code Chastenay\u201d[:]\" \/><\/a><div class=\"lcp_excerpt\">\nProfessor Ricardo Izquierdo, of NanoQAM and the D\u00e9partement d&rsquo;informatique de UQAM, has participated to the science magazine Le code Chastenay broadcast on September 29 at ...<\/div><\/li><li><a href=\"https:\/\/www.cofamic.uqam.ca\/?p=518\">[:en]CoFaMic seminar &#8211; 12\/11\/2014[:fr]S\u00e9minaire CoFaMic &#8211; 12\/11\/2014[:]<\/a><a href=\"https:\/\/www.cofamic.uqam.ca\/?p=518\" title=\"[:en]CoFaMic seminar - 12\/11\/2014[:fr]S\u00e9minaire CoFaMic - 12\/11\/2014[:]\"><img loading=\"lazy\" decoding=\"async\" width=\"150\" height=\"150\" src=\"https:\/\/www.cofamic.uqam.ca\/wp-content\/uploads\/2015\/07\/hungcao-150x150.png\" class=\"lcp_thumbnail wp-post-image\" alt=\"[:en]CoFaMic seminar - 12\/11\/2014[:fr]S\u00e9minaire CoFaMic - 12\/11\/2014[:]\" \/><\/a><div class=\"lcp_excerpt\">\nApplications of electronics, sensing and wireless technologies in healtcare and life science.\nHung Cao, Ph.\u00a0\u00c9cole de technologie sup\u00e9rieure, Montr\u00e9al\nAbstract : Micro- and nano-technologies together with sensing ...<\/div><\/li><li><a href=\"https:\/\/www.cofamic.uqam.ca\/?p=510\">S\u00e9minaire Cofamic &#8211; 10\/12\/2014<\/a><a href=\"https:\/\/www.cofamic.uqam.ca\/?p=510\" title=\"S\u00e9minaire Cofamic - 10\/12\/2014\"><img loading=\"lazy\" decoding=\"async\" width=\"150\" height=\"150\" src=\"https:\/\/www.cofamic.uqam.ca\/wp-content\/uploads\/0201\/12\/p-150x150.png\" class=\"lcp_thumbnail wp-post-image\" alt=\"S\u00e9minaire Cofamic - 10\/12\/2014\" \/><\/a><div class=\"lcp_excerpt\">Microsyst\u00e8mes, micro\u00e9lectronique et encapsulation : l&rsquo;int\u00e9gration des microtechnologies\nPaul-Vah\u00e9 Cicek\u00a0D\u00e9partement d\u2019informatique, programme de g\u00e9nie micro\u00e9lectronique, UQAM\nR\u00e9sum\u00e9 : Par les temps r\u00e9cents, l\u2019industrie technologique vise plus que ...<\/div><\/li><\/ul><\/p>\n<p>[:fr]<div class='content-column full_width'><p><a href=\"https:\/\/www.cofamic.uqam.ca\/wp-content\/uploads\/2015\/04\/65.jpg\"><img loading=\"lazy\" decoding=\"async\" class=\" size-full wp-image-660 alignleft\" src=\"https:\/\/www.cofamic.uqam.ca\/wp-content\/uploads\/2015\/04\/65.jpg\" alt=\"65\" width=\"269\" height=\"178\" \/><\/a><\/p>\n<p class=\"title_news\"><strong>Participation du Pr. Ricardo Izquierdo \u00e0 l&rsquo;\u00e9mission Le code Chastenay<\/strong><\/p>\n<p>Le professeur Ricardo Izquierdo, membre des centres de recherche NanoQAM et CoFaMIC, participera au magazine scientifique Le code Chastenay qui sera diffus\u00e9 le mardi le 15 septembre 2015 \u00e0 19h sur les ondes de T\u00e9l\u00e9-Qu\u00e9bec.\u00a0<a href=\"https:\/\/www.cofamic.uqam.ca\/?p=664\">Lire la suite \u00bb<\/a><\/p>\n<p style=\"text-align: justify;\"><\/div><\/p>\n<p style=\"text-align: justify;\"><div class='content-column full_width'><p style=\"text-align: justify;\"><\/div><\/p>\n<p><ul class=\"lcp_catlist2\" id=\"lcp_instance_0\"><li><a href=\"https:\/\/www.cofamic.uqam.ca\/?p=687\">CoFaMic Seminar \u2013 11\/11\/2015<\/a><a href=\"https:\/\/www.cofamic.uqam.ca\/?p=687\" title=\"CoFaMic Seminar \u2013 11\/11\/2015\"><img loading=\"lazy\" decoding=\"async\" width=\"150\" height=\"150\" src=\"https:\/\/www.cofamic.uqam.ca\/wp-content\/uploads\/2015\/11\/amine-miled-min-150x150.jpg\" class=\"lcp_thumbnail wp-post-image\" alt=\"CoFaMic Seminar \u2013 11\/11\/2015\" \/><\/a><div class=\"lcp_excerpt\">\nL\u2019int\u00e9gration de la microfluidique modulaire et la micro\u00e9lectronique \/\u00e9lectronique pour les bio-applications\nAmine Miled\nProfesseur adjoint, Universit\u00e9 Laval\nD\u00e9partement de g\u00e9nie \u00e9lectrique et g\u00e9nie informatique\nLaboratoire de recherche ne ...<\/div><\/li><li><a href=\"https:\/\/www.cofamic.uqam.ca\/?p=664\">Participation du Pr. Ricardo Izquierdo \u00e0 l&rsquo;\u00e9mission Le code Chastenay<\/a><a href=\"https:\/\/www.cofamic.uqam.ca\/?p=664\" title=\"Participation du Pr. Ricardo Izquierdo \u00e0 l&#039;\u00e9mission Le code Chastenay\"><img loading=\"lazy\" decoding=\"async\" width=\"150\" height=\"150\" src=\"https:\/\/www.cofamic.uqam.ca\/wp-content\/uploads\/2015\/06\/ricard_izquierdo-150x150.jpg\" class=\"lcp_thumbnail wp-post-image\" alt=\"Participation du Pr. Ricardo Izquierdo \u00e0 l&#039;\u00e9mission Le code Chastenay\" srcset=\"https:\/\/www.cofamic.uqam.ca\/wp-content\/uploads\/2015\/06\/ricard_izquierdo-150x150.jpg 150w, https:\/\/www.cofamic.uqam.ca\/wp-content\/uploads\/2015\/06\/ricard_izquierdo.jpg 173w\" sizes=\"(max-width: 150px) 100vw, 150px\" \/><\/a><div class=\"lcp_excerpt\">Le professeur Ricardo Izquierdo, membre des centres de recherche NanoQAM et CoFaMIC, participera au magazine scientifique Le code Chastenay qui sera diffus\u00e9 le mardi le ...<\/div><\/li><li><a href=\"https:\/\/www.cofamic.uqam.ca\/?p=480\">Un cours de photonique sur silicium o\u00f9 les \u00e9tudiants ont vu leurs conceptions \u00eatre fabriqu\u00e9s.<\/a><a href=\"https:\/\/www.cofamic.uqam.ca\/?p=480\" title=\"Un cours de photonique sur silicium o\u00f9 les \u00e9tudiants ont vu leurs conceptions \u00eatre fabriqu\u00e9s.\"><img loading=\"lazy\" decoding=\"async\" width=\"150\" height=\"150\" src=\"https:\/\/www.cofamic.uqam.ca\/wp-content\/uploads\/2015\/07\/menard-150x150.png\" class=\"lcp_thumbnail wp-post-image\" alt=\"Un cours de photonique sur silicium o\u00f9 les \u00e9tudiants ont vu leurs conceptions \u00eatre fabriqu\u00e9s.\" \/><\/a><div class=\"lcp_excerpt\">Durant le cours de photonique sur silicium du programme de g\u00e9nie micro\u00e9lectronique de l\u2019UQAM, qui a \u00e9t\u00e9 donn\u00e9 au semestre d\u2019hiver 2015 par le professeur ...<\/div><\/li><li><a href=\"https:\/\/www.cofamic.uqam.ca\/?p=462\">[:en]CoFaMic Seminar &#8211; 18\/06\/2015[:fr]S\u00e9minaire CoFaMic &#8211; 18\/06\/2015[:]<\/a><a href=\"https:\/\/www.cofamic.uqam.ca\/?p=462\" title=\"[:en]CoFaMic Seminar - 18\/06\/2015[:fr]S\u00e9minaire CoFaMic - 18\/06\/2015[:]\"><img loading=\"lazy\" decoding=\"async\" width=\"150\" height=\"150\" src=\"https:\/\/www.cofamic.uqam.ca\/wp-content\/uploads\/2015\/06\/hafliger-150x150.png\" class=\"lcp_thumbnail wp-post-image\" alt=\"[:en]CoFaMic Seminar - 18\/06\/2015[:fr]S\u00e9minaire CoFaMic - 18\/06\/2015[:]\" \/><\/a><div class=\"lcp_excerpt\">\nMicroelectronics for the Body and for Space: The Nanoelectronics Group at the University of Oslo\u201d\nSpeaker: Philipp H\u00e4fliger, Department of Informatics at the University of Oslo\nDate ...<\/div><\/li><li><a href=\"https:\/\/www.cofamic.uqam.ca\/?p=455\">D\u00e9velopper les nanotechnologies<\/a><a href=\"https:\/\/www.cofamic.uqam.ca\/?p=455\" title=\"D\u00e9velopper les nanotechnologies\"><img loading=\"lazy\" decoding=\"async\" width=\"150\" height=\"150\" src=\"https:\/\/www.cofamic.uqam.ca\/wp-content\/uploads\/2015\/06\/ricard_izquierdo-150x150.jpg\" class=\"lcp_thumbnail wp-post-image\" alt=\"D\u00e9velopper les nanotechnologies\" srcset=\"https:\/\/www.cofamic.uqam.ca\/wp-content\/uploads\/2015\/06\/ricard_izquierdo-150x150.jpg 150w, https:\/\/www.cofamic.uqam.ca\/wp-content\/uploads\/2015\/06\/ricard_izquierdo.jpg 173w\" sizes=\"(max-width: 150px) 100vw, 150px\" \/><\/a><div class=\"lcp_excerpt\">\nLe professeur Ricardo Izquierdo, du D\u00e9partement d&rsquo;informatique, re\u00e7oit pr\u00e8s de quatre millions de dollars pour des infrastructures de recherche.\nUn projet de recherche du professeur Ricardo ...<\/div><\/li><li><a href=\"https:\/\/www.cofamic.uqam.ca\/?p=378\">[:en]Publication du groupe de recherche de Pr. Mohamed Siaj dans Nano Letters[:fr]Publication du groupe de recherche de Pr. Mohamed Siaj dans Nano  Letters[:]<\/a><a href=\"https:\/\/www.cofamic.uqam.ca\/?p=378\" title=\"[:en]Publication du groupe de recherche de Pr. Mohamed Siaj dans Nano Letters[:fr]Publication du groupe de recherche de Pr. Mohamed Siaj dans Nano  Letters[:]\"><img loading=\"lazy\" decoding=\"async\" width=\"150\" height=\"150\" src=\"https:\/\/www.cofamic.uqam.ca\/wp-content\/uploads\/2015\/04\/nano-150x150.png\" class=\"lcp_thumbnail wp-post-image\" alt=\"[:en]Publication du groupe de recherche de Pr. Mohamed Siaj dans Nano Letters[:fr]Publication du groupe de recherche de Pr. Mohamed Siaj dans Nano  Letters[:]\" \/><\/a><div class=\"lcp_excerpt\">\u00ab\u00a0Space-Charge Limited Transport in Large-Area Monolayer Hexagonal Boron Nitride\u00a0\u00bb\nHexagonal boron nitride (hBN) is a wide-gap material that has attracted significant attention as an ideal dielectric ...<\/div><\/li><li><a href=\"https:\/\/www.cofamic.uqam.ca\/?p=256\">Projet de collaboration entre l&rsquo;UQAM, Aeponyx, le CRSNG et Aligo Innovation<\/a><a href=\"https:\/\/www.cofamic.uqam.ca\/?p=256\" title=\"Projet de collaboration entre l&#039;UQAM, Aeponyx, le CRSNG et Aligo Innovation\"><img loading=\"lazy\" decoding=\"async\" width=\"150\" height=\"150\" src=\"https:\/\/www.cofamic.uqam.ca\/wp-content\/uploads\/2015\/04\/news_001-150x150.jpg\" class=\"lcp_thumbnail wp-post-image\" alt=\"Projet de collaboration entre l&#039;UQAM, Aeponyx, le CRSNG et Aligo Innovation\" \/><\/a><div class=\"lcp_excerpt\">\nLe 9 mars 2015 \u2013 Les professeurs Micha\u00ebl M\u00e9nard et Fr\u00e9d\u00e9ric Nabki du D\u00e9partement d\u2019informatique de la Facult\u00e9 des sciences de l\u2019Universit\u00e9 du Qu\u00e9bec \u00e0 ...<\/div><\/li><li><a href=\"https:\/\/www.cofamic.uqam.ca\/?p=287\">Taher Jalloul remport le prix la conf\u00e9rence IEEE Digital Avionics System Conference<\/a><a href=\"https:\/\/www.cofamic.uqam.ca\/?p=287\" title=\"Taher Jalloul remport le prix la conf\u00e9rence IEEE Digital Avionics System Conference\"><img loading=\"lazy\" decoding=\"async\" width=\"150\" height=\"150\" src=\"https:\/\/www.cofamic.uqam.ca\/wp-content\/uploads\/2015\/04\/59-150x150.jpg\" class=\"lcp_thumbnail wp-post-image\" alt=\"Taher Jalloul remport le prix la conf\u00e9rence IEEE Digital Avionics System Conference\" \/><\/a><div class=\"lcp_excerpt\">F\u00e9licitation \u00e0 Taher Jalloul qui, sous la direction du Pr Wessam Ajib, ont remport\u00e9 le prix du meilleur article dans la conf\u00e9rence prestigieuse IEEE Digital ...<\/div><\/li><li><a href=\"https:\/\/www.cofamic.uqam.ca\/?p=361\">[:en]Professor Ricardo Izquierdo to issue \u201cLe Code Chastenay\u201d[:]<\/a><a href=\"https:\/\/www.cofamic.uqam.ca\/?p=361\" title=\"[:en]Professor Ricardo Izquierdo to issue \u201cLe Code Chastenay\u201d[:]\"><img loading=\"lazy\" decoding=\"async\" width=\"51\" height=\"51\" src=\"https:\/\/www.cofamic.uqam.ca\/wp-content\/uploads\/2015\/04\/ric.jpg\" class=\"lcp_thumbnail wp-post-image\" alt=\"[:en]Professor Ricardo Izquierdo to issue \u201cLe Code Chastenay\u201d[:]\" \/><\/a><div class=\"lcp_excerpt\">\nProfessor Ricardo Izquierdo, of NanoQAM and the D\u00e9partement d&rsquo;informatique de UQAM, has participated to the science magazine Le code Chastenay broadcast on September 29 at ...<\/div><\/li><li><a href=\"https:\/\/www.cofamic.uqam.ca\/?p=518\">[:en]CoFaMic seminar &#8211; 12\/11\/2014[:fr]S\u00e9minaire CoFaMic &#8211; 12\/11\/2014[:]<\/a><a href=\"https:\/\/www.cofamic.uqam.ca\/?p=518\" title=\"[:en]CoFaMic seminar - 12\/11\/2014[:fr]S\u00e9minaire CoFaMic - 12\/11\/2014[:]\"><img loading=\"lazy\" decoding=\"async\" width=\"150\" height=\"150\" src=\"https:\/\/www.cofamic.uqam.ca\/wp-content\/uploads\/2015\/07\/hungcao-150x150.png\" class=\"lcp_thumbnail wp-post-image\" alt=\"[:en]CoFaMic seminar - 12\/11\/2014[:fr]S\u00e9minaire CoFaMic - 12\/11\/2014[:]\" \/><\/a><div class=\"lcp_excerpt\">\nApplications of electronics, sensing and wireless technologies in healtcare and life science.\nHung Cao, Ph.\u00a0\u00c9cole de technologie sup\u00e9rieure, Montr\u00e9al\nAbstract : Micro- and nano-technologies together with sensing ...<\/div><\/li><li><a href=\"https:\/\/www.cofamic.uqam.ca\/?p=510\">S\u00e9minaire Cofamic &#8211; 10\/12\/2014<\/a><a href=\"https:\/\/www.cofamic.uqam.ca\/?p=510\" title=\"S\u00e9minaire Cofamic - 10\/12\/2014\"><img loading=\"lazy\" decoding=\"async\" width=\"150\" height=\"150\" src=\"https:\/\/www.cofamic.uqam.ca\/wp-content\/uploads\/0201\/12\/p-150x150.png\" class=\"lcp_thumbnail wp-post-image\" alt=\"S\u00e9minaire Cofamic - 10\/12\/2014\" \/><\/a><div class=\"lcp_excerpt\">Microsyst\u00e8mes, micro\u00e9lectronique et encapsulation : l&rsquo;int\u00e9gration des microtechnologies\nPaul-Vah\u00e9 Cicek\u00a0D\u00e9partement d\u2019informatique, programme de g\u00e9nie micro\u00e9lectronique, UQAM\nR\u00e9sum\u00e9 : Par les temps r\u00e9cents, l\u2019industrie technologique vise plus que ...<\/div><\/li><\/ul>[:]<\/p>\n","protected":false},"excerpt":{"rendered":"<p>[:en] [:fr] [:]<\/p>\n","protected":false},"author":1,"featured_media":37,"parent":0,"menu_order":0,"comment_status":"open","ping_status":"open","template":"","meta":{"footnotes":""},"class_list":["post-34","page","type-page","status-publish","has-post-thumbnail","hentry"],"_links":{"self":[{"href":"https:\/\/www.cofamic.uqam.ca\/index.php?rest_route=\/wp\/v2\/pages\/34"}],"collection":[{"href":"https:\/\/www.cofamic.uqam.ca\/index.php?rest_route=\/wp\/v2\/pages"}],"about":[{"href":"https:\/\/www.cofamic.uqam.ca\/index.php?rest_route=\/wp\/v2\/types\/page"}],"author":[{"embeddable":true,"href":"https:\/\/www.cofamic.uqam.ca\/index.php?rest_route=\/wp\/v2\/users\/1"}],"replies":[{"embeddable":true,"href":"https:\/\/www.cofamic.uqam.ca\/index.php?rest_route=%2Fwp%2Fv2%2Fcomments&post=34"}],"version-history":[{"count":152,"href":"https:\/\/www.cofamic.uqam.ca\/index.php?rest_route=\/wp\/v2\/pages\/34\/revisions"}],"predecessor-version":[{"id":673,"href":"https:\/\/www.cofamic.uqam.ca\/index.php?rest_route=\/wp\/v2\/pages\/34\/revisions\/673"}],"wp:featuredmedia":[{"embeddable":true,"href":"https:\/\/www.cofamic.uqam.ca\/index.php?rest_route=\/wp\/v2\/media\/37"}],"wp:attachment":[{"href":"https:\/\/www.cofamic.uqam.ca\/index.php?rest_route=%2Fwp%2Fv2%2Fmedia&parent=34"}],"curies":[{"name":"wp","href":"https:\/\/api.w.org\/{rel}","templated":true}]}}